{"id":491,"date":"2026-02-04T10:20:29","date_gmt":"2026-02-04T10:20:29","guid":{"rendered":"https:\/\/richardkigudde.wpelitee.com\/?page_id=491"},"modified":"2026-04-30T04:15:53","modified_gmt":"2026-04-30T04:15:53","slug":"rolunk","status":"publish","type":"page","link":"https:\/\/centscoffee.com\/hu\/about-us\/","title":{"rendered":"R\u00f3lunk"},"content":{"rendered":"<div data-elementor-type=\"wp-page\" data-elementor-id=\"491\" class=\"elementor elementor-491\" data-elementor-post-type=\"page\">\n\t\t\t\t\t\t<section class=\"elementor-section elementor-top-section elementor-element elementor-element-b1b7a7d elementor-section-boxed elementor-section-height-default elementor-section-height-default\" data-id=\"b1b7a7d\" data-element_type=\"section\" data-e-type=\"section\" data-settings=\"{&quot;background_background&quot;:&quot;classic&quot;}\">\n\t\t\t\t\t\t\t<div class=\"elementor-background-overlay\"><\/div>\n\t\t\t\t\t\t\t<div class=\"elementor-container elementor-column-gap-default\">\n\t\t\t\t\t<div class=\"elementor-column elementor-col-100 elementor-top-column elementor-element elementor-element-72ed5f95\" data-id=\"72ed5f95\" data-element_type=\"column\" data-e-type=\"column\">\n\t\t\t<div class=\"elementor-widget-wrap elementor-element-populated\">\n\t\t\t\t\t\t<div class=\"elementor-element elementor-element-771afd78 elementor-widget elementor-widget-heading\" data-id=\"771afd78\" data-element_type=\"widget\" data-e-type=\"widget\" data-widget_type=\"heading.default\">\n\t\t\t\t\t<h1 class=\"elementor-heading-title elementor-size-default\">R\u00f3lunk<\/h1>\t\t\t\t<\/div>\n\t\t\t\t\t<\/div>\n\t\t<\/div>\n\t\t\t\t\t<\/div>\n\t\t<\/section>\n\t\t\t\t<section class=\"elementor-section elementor-top-section elementor-element elementor-element-69d7ac37 elementor-section-boxed elementor-section-height-default elementor-section-height-default\" data-id=\"69d7ac37\" data-element_type=\"section\" data-e-type=\"section\" data-settings=\"{&quot;background_background&quot;:&quot;classic&quot;}\">\n\t\t\t\t\t\t<div class=\"elementor-container elementor-column-gap-default\">\n\t\t\t\t\t<div class=\"elementor-column elementor-col-50 elementor-top-column elementor-element elementor-element-210e70ed\" data-id=\"210e70ed\" data-element_type=\"column\" data-e-type=\"column\">\n\t\t\t<div class=\"elementor-widget-wrap elementor-element-populated\">\n\t\t\t\t\t\t<div class=\"elementor-element elementor-element-3991ea92 elementor-widget elementor-widget-image\" data-id=\"3991ea92\" data-element_type=\"widget\" data-e-type=\"widget\" data-widget_type=\"image.default\">\n\t\t\t\t\t\t\t\t\t\t\t\t\t\t\t<img fetchpriority=\"high\" decoding=\"async\" width=\"1219\" height=\"812\" src=\"https:\/\/centscoffee.com\/wp-content\/uploads\/2026\/02\/thumbnail-5.webp\" class=\"attachment-full size-full wp-image-672\" alt=\"Ugandai Arabica \u00e9s Robusta k\u00e1v\u00e9\" srcset=\"https:\/\/centscoffee.com\/wp-content\/uploads\/2026\/02\/thumbnail-5.webp 1219w, https:\/\/centscoffee.com\/wp-content\/uploads\/2026\/02\/thumbnail-5-300x200.webp 300w, https:\/\/centscoffee.com\/wp-content\/uploads\/2026\/02\/thumbnail-5-1024x682.webp 1024w, https:\/\/centscoffee.com\/wp-content\/uploads\/2026\/02\/thumbnail-5-768x512.webp 768w\" sizes=\"(max-width: 1219px) 100vw, 1219px\" \/>\t\t\t\t\t\t\t\t\t\t\t\t\t\t\t<\/div>\n\t\t\t\t\t<\/div>\n\t\t<\/div>\n\t\t\t\t<div class=\"elementor-column elementor-col-50 elementor-top-column elementor-element elementor-element-76b85140\" data-id=\"76b85140\" data-element_type=\"column\" data-e-type=\"column\">\n\t\t\t<div class=\"elementor-widget-wrap elementor-element-populated\">\n\t\t\t\t\t\t<div class=\"elementor-element elementor-element-31023e72 elementor-widget elementor-widget-heading\" data-id=\"31023e72\" data-element_type=\"widget\" data-e-type=\"widget\" data-widget_type=\"heading.default\">\n\t\t\t\t\t<h2 class=\"elementor-heading-title elementor-size-default\">KIK VAGYUNK<\/h2>\t\t\t\t<\/div>\n\t\t\t\t<div class=\"elementor-element elementor-element-34f4c6ff elementor-widget-divider--view-line elementor-widget elementor-widget-divider\" data-id=\"34f4c6ff\" data-element_type=\"widget\" data-e-type=\"widget\" data-widget_type=\"divider.default\">\n\t\t\t\t\t\t\t<div class=\"elementor-divider\">\n\t\t\t<span class=\"elementor-divider-separator\">\n\t\t\t\t\t\t<\/span>\n\t\t<\/div>\n\t\t\t\t\t\t<\/div>\n\t\t\t\t<div class=\"elementor-element elementor-element-3b384071 elementor-widget elementor-widget-text-editor\" data-id=\"3b384071\" data-element_type=\"widget\" data-e-type=\"widget\" data-widget_type=\"text-editor.default\">\n\t\t\t\t\t\t\t\t\t<p><a href=\"https:\/\/centscoffee.com\/hu\/\"><strong>Cents K\u00e1v\u00e9<\/strong><\/a> az Ugandai K\u00e1v\u00e9fejleszt\u00e9si Hat\u00f3s\u00e1g tan\u00fas\u00edtja, \u00e9s az Arabica \u00e9s Robusta fajt\u00e1k export\u00e1l\u00e1s\u00e1ra szakosodtunk. K\u00f6zvetlen\u00fcl dolgozunk ugandai els\u0151dleges k\u00e1v\u00e9termel\u0151 r\u00e9gi\u00f3k farmert\u00e1rsadalmaival, hogy a pal\u00e1nt\u00e1t\u00f3l a kivitelig biztos\u00edtsuk a min\u0151s\u00e9get.<\/p><p>Uganda Afrika vezet\u0151 k\u00e1v\u00e9export\u0151re \u00e9s a vil\u00e1g nyolcadik legnagyobb termel\u0151je. 2025-ben Eti\u00f3pi\u00e1t megel\u0151zve a kontinens legfontosabb export\u0151r\u00e9v\u00e9 v\u00e1lt.<\/p><p>A Robusta Uganda \u0151shonos, \u00e9s a teljes termel\u00e9s mintegy 80%-\u00e1t teszi ki, m\u00edg az Arabica a fennmarad\u00f3 20% -ot.<\/p>\t\t\t\t\t\t\t\t<\/div>\n\t\t\t\t<div class=\"elementor-element elementor-element-5af0df62 elementor-widget elementor-widget-text-editor\" data-id=\"5af0df62\" data-element_type=\"widget\" data-e-type=\"widget\" data-widget_type=\"text-editor.default\">\n\t\t\t\t\t\t\t\t\t<p>Uganda hivatalos, 3. helyez\u00e9s\u00e9nek kihaszn\u00e1l\u00e1s\u00e1val a Coffee Quality Institute glob\u00e1lis min\u0151s\u00edt\u00e9si rangsor\u00e1ban a Cents Coffee nem csup\u00e1n \u00e1rut \u00e9rt\u00e9kes\u00edt, hanem vil\u00e1gsz\u00ednvonal\u00fa \u00e9rz\u00e9kszervi \u00e9lm\u00e9nyt k\u00edn\u00e1l.<br \/><br \/>Mivel Uganda hivatalosan is az afrikai k\u00e1v\u00e9export kir\u00e1lya, a Cents Coffee t\u00f6k\u00e9letes helyzetben van ahhoz, hogy \u00e1thidalja a sz\u0171k\u00f6s termel\u0151i kiv\u00e1l\u00f3s\u00e1g \u00e9s a kifinomult glob\u00e1lis \u00edzl\u00e9s k\u00f6z\u00f6tti szakad\u00e9kot. Legyen sz\u00f3 ak\u00e1r a magasf\u00f6ldekr\u0151l sz\u00e1rmaz\u00f3 Robusta mer\u00e9sz, csokol\u00e1d\u00e9s jegyeir\u0151l, ak\u00e1r a Mount Elgon Arabica \u00e9l\u00e9nk, vir\u00e1gos savass\u00e1g\u00e1r\u00f3l, mi arra h\u00edvjuk a vil\u00e1got, hogy minden cs\u00e9sz\u00e9ben \u00e9bredjen \u201cAfrika gy\u00f6ngyszem\u00e9re\u201d.<\/p>\t\t\t\t\t\t\t\t<\/div>\n\t\t\t\t<div class=\"elementor-element elementor-element-51ac1c3d elementor-mobile-align-center elementor-widget elementor-widget-button\" data-id=\"51ac1c3d\" data-element_type=\"widget\" data-e-type=\"widget\" data-widget_type=\"button.default\">\n\t\t\t\t\t\t\t\t\t\t<a class=\"elementor-button elementor-button-link elementor-size-lg\" href=\"#\">\n\t\t\t\t\t\t<span class=\"elementor-button-content-wrapper\">\n\t\t\t\t\t\t\t\t\t<span class=\"elementor-button-text\">\u00d6sszes szolg\u00e1ltat\u00e1s megtekint\u00e9se<\/span>\n\t\t\t\t\t<\/span>\n\t\t\t\t\t<\/a>\n\t\t\t\t\t\t\t\t<\/div>\n\t\t\t\t\t<\/div>\n\t\t<\/div>\n\t\t\t\t\t<\/div>\n\t\t<\/section>\n\t\t\t\t<section class=\"elementor-section elementor-top-section elementor-element elementor-element-2de1b3ac elementor-section-boxed elementor-section-height-default elementor-section-height-default\" data-id=\"2de1b3ac\" data-element_type=\"section\" data-e-type=\"section\" data-settings=\"{&quot;background_background&quot;:&quot;classic&quot;}\">\n\t\t\t\t\t\t<div class=\"elementor-container elementor-column-gap-default\">\n\t\t\t\t\t<div class=\"elementor-column elementor-col-50 elementor-top-column elementor-element elementor-element-44930f19\" data-id=\"44930f19\" data-element_type=\"column\" data-e-type=\"column\">\n\t\t\t<div class=\"elementor-widget-wrap elementor-element-populated\">\n\t\t\t\t\t\t<div class=\"elementor-element elementor-element-6cb64b2f elementor-widget elementor-widget-image\" data-id=\"6cb64b2f\" data-element_type=\"widget\" data-e-type=\"widget\" data-widget_type=\"image.default\">\n\t\t\t\t\t\t\t\t\t\t\t\t\t\t\t<img decoding=\"async\" width=\"800\" height=\"533\" src=\"https:\/\/centscoffee.com\/wp-content\/uploads\/2026\/02\/thumbnail-20-1024x682.webp\" class=\"attachment-large size-large wp-image-686\" alt=\"Ugandai Robusta \u00cdzes\u00edt\u00e9s\u0171 K\u00e1v\u00e9\" srcset=\"https:\/\/centscoffee.com\/wp-content\/uploads\/2026\/02\/thumbnail-20-1024x682.webp 1024w, https:\/\/centscoffee.com\/wp-content\/uploads\/2026\/02\/thumbnail-20-300x200.webp 300w, https:\/\/centscoffee.com\/wp-content\/uploads\/2026\/02\/thumbnail-20-768x512.webp 768w, https:\/\/centscoffee.com\/wp-content\/uploads\/2026\/02\/thumbnail-20.webp 1219w\" sizes=\"(max-width: 800px) 100vw, 800px\" \/>\t\t\t\t\t\t\t\t\t\t\t\t\t\t\t<\/div>\n\t\t\t\t\t<\/div>\n\t\t<\/div>\n\t\t\t\t<div class=\"elementor-column elementor-col-50 elementor-top-column elementor-element elementor-element-4b4d46f3\" data-id=\"4b4d46f3\" data-element_type=\"column\" data-e-type=\"column\">\n\t\t\t<div class=\"elementor-widget-wrap elementor-element-populated\">\n\t\t\t\t\t\t<div class=\"elementor-element elementor-element-33253e85 elementor-widget elementor-widget-heading\" data-id=\"33253e85\" data-element_type=\"widget\" data-e-type=\"widget\" data-widget_type=\"heading.default\">\n\t\t\t\t\t<h2 class=\"elementor-heading-title elementor-size-default\">Mi teszi egyediv\u00e9 Uganda k\u00e1v\u00e9j\u00e1t<\/h2>\t\t\t\t<\/div>\n\t\t\t\t<div class=\"elementor-element elementor-element-74bd8346 elementor-widget elementor-widget-text-editor\" data-id=\"74bd8346\" data-element_type=\"widget\" data-e-type=\"widget\" data-widget_type=\"text-editor.default\">\n\t\t\t\t\t\t\t\t\tUganda k\u00e1v\u00e9ja egyed\u00fcl\u00e1ll\u00f3, mivel a Robusta sz\u00fcl\u0151haz\u00e1ja, rendk\u00edv\u00fcli termeszt\u00e9si magass\u00e1ga \u00e9s a h\u00edrneves kelet-afrikai szomsz\u00e9dokkal veteked\u0151 \u00edzprofilok sokf\u00e9les\u00e9ge jellemzi.\n\n\u0150shonos \u00f6r\u00f6ks\u00e9g \u00e9s Robusta eredete\n\nA Robusta sz\u00fcl\u0151haz\u00e1ja: Ellent\u00e9tben a legt\u00f6bb k\u00e1v\u00e9termel\u0151 orsz\u00e1ggal, a Robusta k\u00e1v\u00e9 Ugand\u00e1ban \u0151shonos. A Vikt\u00f3ria-t\u00f3 medenc\u00e9j\u00e9ben \u00e9s a k\u00f6rnyez\u0151 ter\u00fcleteken vadon n\u0151.\t\t\t\t\t\t\t\t<\/div>\n\t\t\t\t<div class=\"elementor-element elementor-element-61ce4dcf elementor-widget elementor-widget-text-editor\" data-id=\"61ce4dcf\" data-element_type=\"widget\" data-e-type=\"widget\" data-widget_type=\"text-editor.default\">\n\t\t\t\t\t\t\t\t\tMagaslati Robusta: Az ugandai Robust\u00e1t szokatlanul magas magass\u00e1gokon termesztik (ak\u00e1r 1500 m\u00e9teren is), ami ritka a faj sz\u00e1m\u00e1ra. Ez egy \u201cFine Robusta\u201d eredm\u00e9nyez, amely kev\u00e9sb\u00e9 keser\u0171 \u00e9s \u00edzesebb, mint alacsonyf\u00f6ldi t\u00e1rsai.\t\t\t\t\t\t\t\t<\/div>\n\t\t\t\t\t<\/div>\n\t\t<\/div>\n\t\t\t\t\t<\/div>\n\t\t<\/section>\n\t\t\t\t<section class=\"elementor-section elementor-top-section elementor-element elementor-element-39c6e196 elementor-section-boxed elementor-section-height-default elementor-section-height-default\" data-id=\"39c6e196\" data-element_type=\"section\" data-e-type=\"section\" data-settings=\"{&quot;background_background&quot;:&quot;classic&quot;}\">\n\t\t\t\t\t\t<div class=\"elementor-container elementor-column-gap-default\">\n\t\t\t\t\t<div class=\"elementor-column elementor-col-50 elementor-top-column elementor-element elementor-element-382a1ba9\" data-id=\"382a1ba9\" data-element_type=\"column\" data-e-type=\"column\">\n\t\t\t<div class=\"elementor-widget-wrap elementor-element-populated\">\n\t\t\t\t\t\t<div class=\"elementor-element elementor-element-f1a6dc6 elementor-widget elementor-widget-heading\" data-id=\"f1a6dc6\" data-element_type=\"widget\" data-e-type=\"widget\" data-widget_type=\"heading.default\">\n\t\t\t\t\t<h2 class=\"elementor-heading-title elementor-size-default\">Kiv\u00e9teles terroir \u00e9s kl\u00edma<\/h2>\t\t\t\t<\/div>\n\t\t\t\t<div class=\"elementor-element elementor-element-4aa1ae5e elementor-widget-divider--view-line elementor-widget elementor-widget-divider\" data-id=\"4aa1ae5e\" data-element_type=\"widget\" data-e-type=\"widget\" data-widget_type=\"divider.default\">\n\t\t\t\t\t\t\t<div class=\"elementor-divider\">\n\t\t\t<span class=\"elementor-divider-separator\">\n\t\t\t\t\t\t<\/span>\n\t\t<\/div>\n\t\t\t\t\t\t<\/div>\n\t\t\t\t<div class=\"elementor-element elementor-element-933a806 elementor-widget elementor-widget-image\" data-id=\"933a806\" data-element_type=\"widget\" data-e-type=\"widget\" data-widget_type=\"image.default\">\n\t\t\t\t\t\t\t\t\t\t\t\t\t\t\t<img decoding=\"async\" width=\"800\" height=\"533\" src=\"https:\/\/centscoffee.com\/wp-content\/uploads\/2026\/02\/thumbnail-10-1024x682.webp\" class=\"attachment-large size-large wp-image-678\" alt=\"T\u00e1panyagd\u00fas ugandai k\u00e1v\u00e9\" srcset=\"https:\/\/centscoffee.com\/wp-content\/uploads\/2026\/02\/thumbnail-10-1024x682.webp 1024w, https:\/\/centscoffee.com\/wp-content\/uploads\/2026\/02\/thumbnail-10-300x200.webp 300w, https:\/\/centscoffee.com\/wp-content\/uploads\/2026\/02\/thumbnail-10-768x512.webp 768w, https:\/\/centscoffee.com\/wp-content\/uploads\/2026\/02\/thumbnail-10.webp 1219w\" sizes=\"(max-width: 800px) 100vw, 800px\" \/>\t\t\t\t\t\t\t\t\t\t\t\t\t\t\t<\/div>\n\t\t\t\t\t<\/div>\n\t\t<\/div>\n\t\t\t\t<div class=\"elementor-column elementor-col-50 elementor-top-column elementor-element elementor-element-10420a30\" data-id=\"10420a30\" data-element_type=\"column\" data-e-type=\"column\">\n\t\t\t<div class=\"elementor-widget-wrap elementor-element-populated\">\n\t\t\t\t\t\t<div class=\"elementor-element elementor-element-c2a7375 elementor-widget elementor-widget-text-editor\" data-id=\"c2a7375\" data-element_type=\"widget\" data-e-type=\"widget\" data-widget_type=\"text-editor.default\">\n\t\t\t\t\t\t\t\t\t<p><strong>A \u201cHold hegyei\u201d:<\/strong> A Rwenzori-hegys\u00e9gben az Arabica k\u00e1v\u00e9t 1500 \u00e9s 2300 m\u00e9teres tengerszint feletti magass\u00e1gban termesztik. Ezek a rendk\u00edv\u00fcli magass\u00e1gok lassabb meg\u00e9r\u00e9st \u00e9s \u00f6sszetettebb, s\u0171r\u0171bb szemeket eredm\u00e9nyeznek.<\/p><p><strong>Vulk\u00e1ni talaj<\/strong> A Mount Elgon (Afrika leg\u0151sibb vulk\u00e1nja) lejt\u0151in fekv\u0151 k\u00e1v\u00e9farmok term\u00e9keny vulkanikus talajb\u00f3l r\u00e9szes\u00fclnek, amely jellegzetes \u00e1sv\u00e1nyos jegyeket k\u00f6lcs\u00f6n\u00f6z a k\u00e1v\u00e9nak.<\/p><h5><strong>Jellegzetes \u00cdzprofilok<\/strong><\/h5><p>Az ugandai k\u00e1v\u00e9 \u00edzek kett\u0151ss\u00e9g\u00e9t k\u00edn\u00e1lja r\u00e9gi\u00f3inak szerte:<\/p><p><strong>Arabika<\/strong> Gy\u00fcm\u00f6lcs\u00f6s, boroszer\u0171 savass\u00e1g\u00e1val kiegyens\u00falyozott test\u00e9r\u0151l ismert. A jelenl\u00e9v\u0151 jegyek k\u00f6z\u00e9 tartozik a citrus, bogy\u00f3s gy\u00fcm\u00f6lcs\u00f6k, csonth\u00e9jas gy\u00fcm\u00f6lcs\u00f6k \u00e9s egy jellegzetes csokol\u00e1d\u00e9s lecseng\u00e9s.<\/p><p><strong>Robuszta<\/strong> A m\u00e1shol tal\u00e1lhat\u00f3 \u201ct\u00f6lt\u0151\u201d babokkal ellent\u00e9tben az ugandai Robusta f\u00f6ldes, di\u00f3s \u00e9s csokol\u00e1d\u00e9s jegyekkel b\u00edr, meglep\u0151en \u00e9des lecseng\u00e9ssel.<\/p><h5><strong>K\u00e9zm\u0171ves kis\u00fczemi termel\u00e9s<\/strong><\/h5><p><strong>Kis\u00fczemi gazd\u00e1lkod\u00e1s:<\/strong> Uganda k\u00e1v\u00e9j\u00e1nak k\u00f6r\u00fclbel\u00fcl 90% kis parcell\u00e1kon terem, gyakran 0,5 hekt\u00e1r alatt.<\/p><p><strong>T\u00e1rsn\u00f6v\u00e9nytermeszt\u00e9s<\/strong> A gazd\u00e1k \u00e1ltal\u00e1ban ban\u00e1nt, babot \u00e9s kukoric\u00e1t \u00fcltetnek a k\u00e1v\u00e9 mell\u00e9. Ez a term\u00e9szetes \u00e1rny\u00e9kol\u00e1s\u00fa termeszt\u00e9si m\u00f3dszer h\u0171v\u00f6sebb mikrokl\u00edm\u00e1t teremt, \u00e9s d\u00fas\u00edtja a talajt, ami fenntarthat\u00f3bb \u00e9s szervesebb term\u00e9khez vezet.<\/p><h5><strong>Speci\u00e1lis feldolgoz\u00e1si terminol\u00f3gia<\/strong><\/h5><p>Uganda a k\u00e1v\u00e9feldolgoz\u00e1s alapj\u00e1n egyedi oszt\u00e1lyoz\u00e1sokat haszn\u00e1l:<\/p><p>WUGAR (Mosott Uganda Arabica): Tiszta, \u00e9l\u00e9nk \u00e9s vir\u00e1gos cs\u00e9sz\u00e9j\u00e9r\u0151l ismert.<\/p>\t\t\t\t\t\t\t\t<\/div>\n\t\t\t\t\t<\/div>\n\t\t<\/div>\n\t\t\t\t\t<\/div>\n\t\t<\/section>\n\t\t\t\t<section class=\"elementor-section elementor-top-section elementor-element elementor-element-4be9f97e elementor-section-content-middle elementor-section-boxed elementor-section-height-default elementor-section-height-default\" data-id=\"4be9f97e\" data-element_type=\"section\" data-e-type=\"section\" data-settings=\"{&quot;background_background&quot;:&quot;classic&quot;}\">\n\t\t\t\t\t\t<div class=\"elementor-container elementor-column-gap-no\">\n\t\t\t\t\t<div class=\"elementor-column elementor-col-50 elementor-top-column elementor-element elementor-element-1c7589c0\" data-id=\"1c7589c0\" data-element_type=\"column\" data-e-type=\"column\" data-settings=\"{&quot;background_background&quot;:&quot;classic&quot;}\">\n\t\t\t<div class=\"elementor-widget-wrap elementor-element-populated\">\n\t\t\t\t\t\t<div class=\"elementor-element elementor-element-4f61424d elementor-widget elementor-widget-spacer\" data-id=\"4f61424d\" data-element_type=\"widget\" data-e-type=\"widget\" data-widget_type=\"spacer.default\">\n\t\t\t\t\t\t\t<div class=\"elementor-spacer\">\n\t\t\t<div class=\"elementor-spacer-inner\"><\/div>\n\t\t<\/div>\n\t\t\t\t\t\t<\/div>\n\t\t\t\t\t<\/div>\n\t\t<\/div>\n\t\t\t\t<div class=\"elementor-column elementor-col-50 elementor-top-column elementor-element elementor-element-72693d27\" data-id=\"72693d27\" data-element_type=\"column\" data-e-type=\"column\" data-settings=\"{&quot;background_background&quot;:&quot;classic&quot;}\">\n\t\t\t<div class=\"elementor-widget-wrap elementor-element-populated\">\n\t\t\t\t\t\t<div class=\"elementor-element elementor-element-7b516c05 elementor-widget elementor-widget-heading\" data-id=\"7b516c05\" data-element_type=\"widget\" data-e-type=\"widget\" data-widget_type=\"heading.default\">\n\t\t\t\t\t<h2 class=\"elementor-heading-title elementor-size-default\">DRUGAR (Sz\u00e1raz ugandai Arabica<\/h2>\t\t\t\t<\/div>\n\t\t\t\t<div class=\"elementor-element elementor-element-79a764e9 elementor-widget elementor-widget-text-editor\" data-id=\"79a764e9\" data-element_type=\"widget\" data-e-type=\"widget\" data-widget_type=\"text-editor.default\">\n\t\t\t\t\t\t\t\t\t<p><strong>Term\u00e9szetes \u00faton feldolgozva ezek a szemek gyakran testes, lekv\u00e1ros \u00e9s boros jegyekkel rendelkeznek.<\/strong><\/p><p>Uganda k\u00e1v\u00e9ja egyed\u00fcl\u00e1ll\u00f3, mivel itt \u0151shonos a Robusta, ugyanakkor kiv\u00e1l\u00f3 min\u0151s\u00e9g\u0171 Arabica k\u00e1v\u00e9kat is termel extr\u00e9m magashegys\u00e9gi ter\u00fcleteken. Ez a ritka kett\u0151ss\u00e9g \u00edzek sz\u00e9les sk\u00e1l\u00e1j\u00e1t teszi lehet\u0151v\u00e9 \u2013 a Vikt\u00f3ria-t\u00f3 medenc\u00e9j\u00e9nek mark\u00e1ns, csokol\u00e1d\u00e9s \u00e9s f\u00f6ldes \u201cFine Robust\u00e1\u201d-it\u00f3l a vulkanikus Mount Elgon \u00e9s Rwenzori hegys\u00e9gek borhoz hasonl\u00f3, citrusos \u00e9s vir\u00e1gos Arabica k\u00e1v\u00e9iig.<\/p>\t\t\t\t\t\t\t\t<\/div>\n\t\t\t\t\t<\/div>\n\t\t<\/div>\n\t\t\t\t\t<\/div>\n\t\t<\/section>\n\t\t\t\t<\/div>","protected":false},"excerpt":{"rendered":"<p>About us WHO WE ARE Cents Coffee is certified by the Uganda Coffee Development Authority and we specialize in exporting both Arabica and Robusta varieties. We work directly with farming communities across Uganda&#8217;s prime coffee-growing regions to ensure quality from seedling to export. Uganda is Afri ca&#8217;s leading coffee exporter and the world&#8217;s eighth-largest producer. [&hellip;]<\/p>\n","protected":false},"author":1,"featured_media":0,"parent":0,"menu_order":0,"comment_status":"closed","ping_status":"closed","template":"elementor_header_footer","meta":{"footnotes":""},"class_list":["post-491","page","type-page","status-publish","hentry"],"_links":{"self":[{"href":"https:\/\/centscoffee.com\/hu\/wp-json\/wp\/v2\/pages\/491","targetHints":{"allow":["GET"]}}],"collection":[{"href":"https:\/\/centscoffee.com\/hu\/wp-json\/wp\/v2\/pages"}],"about":[{"href":"https:\/\/centscoffee.com\/hu\/wp-json\/wp\/v2\/types\/page"}],"author":[{"embeddable":true,"href":"https:\/\/centscoffee.com\/hu\/wp-json\/wp\/v2\/users\/1"}],"replies":[{"embeddable":true,"href":"https:\/\/centscoffee.com\/hu\/wp-json\/wp\/v2\/comments?post=491"}],"version-history":[{"count":38,"href":"https:\/\/centscoffee.com\/hu\/wp-json\/wp\/v2\/pages\/491\/revisions"}],"predecessor-version":[{"id":997,"href":"https:\/\/centscoffee.com\/hu\/wp-json\/wp\/v2\/pages\/491\/revisions\/997"}],"wp:attachment":[{"href":"https:\/\/centscoffee.com\/hu\/wp-json\/wp\/v2\/media?parent=491"}],"curies":[{"name":"wp","href":"https:\/\/api.w.org\/{rel}","templated":true}]}}