{"id":873,"date":"2026-04-13T12:00:21","date_gmt":"2026-04-13T12:00:21","guid":{"rendered":"https:\/\/centscoffee.com\/?page_id=873"},"modified":"2026-04-20T03:18:00","modified_gmt":"2026-04-20T03:18:00","slug":"blog","status":"publish","type":"page","link":"https:\/\/centscoffee.com\/pl\/blog\/","title":{"rendered":"Blog"},"content":{"rendered":"<div data-elementor-type=\"wp-page\" data-elementor-id=\"873\" class=\"elementor elementor-873\" data-elementor-post-type=\"page\">\n\t\t\t\t\t\t<section class=\"elementor-section elementor-top-section elementor-element elementor-element-7ec9760b elementor-section-boxed elementor-section-height-default elementor-section-height-default\" data-id=\"7ec9760b\" data-element_type=\"section\" data-e-type=\"section\" data-settings=\"{&quot;background_background&quot;:&quot;classic&quot;}\">\n\t\t\t\t\t\t\t<div class=\"elementor-background-overlay\"><\/div>\n\t\t\t\t\t\t\t<div class=\"elementor-container elementor-column-gap-default\">\n\t\t\t\t\t<div class=\"elementor-column elementor-col-100 elementor-top-column elementor-element elementor-element-7de4d476\" data-id=\"7de4d476\" data-element_type=\"column\" data-e-type=\"column\">\n\t\t\t<div class=\"elementor-widget-wrap elementor-element-populated\">\n\t\t\t\t\t\t<div class=\"elementor-element elementor-element-6245f4cb elementor-widget elementor-widget-heading\" data-id=\"6245f4cb\" data-element_type=\"widget\" data-e-type=\"widget\" data-widget_type=\"heading.default\">\n\t\t\t\t\t<h1 class=\"elementor-heading-title elementor-size-default\">Blog<\/h1>\t\t\t\t<\/div>\n\t\t\t\t\t<\/div>\n\t\t<\/div>\n\t\t\t\t\t<\/div>\n\t\t<\/section>\n\t\t\t\t<section class=\"elementor-section elementor-top-section elementor-element elementor-element-50771331 elementor-section-boxed elementor-section-height-default elementor-section-height-default\" data-id=\"50771331\" data-element_type=\"section\" data-e-type=\"section\" data-settings=\"{&quot;background_background&quot;:&quot;classic&quot;}\">\n\t\t\t\t\t\t<div class=\"elementor-container elementor-column-gap-default\">\n\t\t\t\t\t<div class=\"elementor-column elementor-col-50 elementor-top-column elementor-element elementor-element-5ce1aac8\" data-id=\"5ce1aac8\" data-element_type=\"column\" data-e-type=\"column\" data-settings=\"{&quot;background_background&quot;:&quot;classic&quot;}\">\n\t\t\t<div class=\"elementor-widget-wrap elementor-element-populated\">\n\t\t\t\t\t\t<div class=\"elementor-element elementor-element-34283b16 elementor-grid-2 elementor-grid-tablet-1 elementor-grid-mobile-1 elementor-posts--thumbnail-top elementor-card-shadow-yes elementor-posts__hover-gradient elementor-widget elementor-widget-posts\" data-id=\"34283b16\" data-element_type=\"widget\" data-e-type=\"widget\" data-settings=\"{&quot;cards_columns&quot;:&quot;2&quot;,&quot;cards_row_gap&quot;:{&quot;unit&quot;:&quot;px&quot;,&quot;size&quot;:40,&quot;sizes&quot;:[]},&quot;cards_columns_tablet&quot;:&quot;1&quot;,&quot;cards_columns_mobile&quot;:&quot;1&quot;,&quot;cards_row_gap_tablet&quot;:{&quot;unit&quot;:&quot;px&quot;,&quot;size&quot;:&quot;&quot;,&quot;sizes&quot;:[]},&quot;cards_row_gap_mobile&quot;:{&quot;unit&quot;:&quot;px&quot;,&quot;size&quot;:&quot;&quot;,&quot;sizes&quot;:[]}}\" data-widget_type=\"posts.cards\">\n\t\t\t\t<div class=\"elementor-widget-container\">\n\t\t\t\t\t\t\t<div class=\"elementor-posts-container elementor-posts elementor-posts--skin-cards elementor-grid\" role=\"list\">\n\t\t\t\t<article class=\"elementor-post elementor-grid-item post-860 post type-post status-publish format-standard has-post-thumbnail hentry category-uncategorized\" role=\"listitem\">\n\t\t\t<div class=\"elementor-post__card\">\n\t\t\t\t<a class=\"elementor-post__thumbnail__link\" href=\"https:\/\/centscoffee.com\/pl\/green-coffee-beans-health-benefits-you-need-to-know\/\" tabindex=\"-1\" ><div class=\"elementor-post__thumbnail\"><img fetchpriority=\"high\" decoding=\"async\" width=\"967\" height=\"544\" src=\"https:\/\/centscoffee.com\/wp-content\/uploads\/2026\/04\/Green-Coffee-Extract-521966060-967x544-1_jpg.webp\" class=\"attachment-full size-full wp-image-916\" alt=\"\" srcset=\"https:\/\/centscoffee.com\/wp-content\/uploads\/2026\/04\/Green-Coffee-Extract-521966060-967x544-1_jpg.webp 967w, https:\/\/centscoffee.com\/wp-content\/uploads\/2026\/04\/Green-Coffee-Extract-521966060-967x544-1_jpg-300x169.webp 300w, https:\/\/centscoffee.com\/wp-content\/uploads\/2026\/04\/Green-Coffee-Extract-521966060-967x544-1_jpg-768x432.webp 768w\" sizes=\"(max-width: 967px) 100vw, 967px\" \/><\/div><\/a>\n\t\t\t\t<div class=\"elementor-post__badge\">Nie sklasyfikowane<\/div>\n\t\t\t\t<div class=\"elementor-post__text\">\n\t\t\t\t<h3 class=\"elementor-post__title\">\n\t\t\t<a href=\"https:\/\/centscoffee.com\/pl\/green-coffee-beans-health-benefits-you-need-to-know\/\" >\n\t\t\t\tZiarna Zielonej Kawy: Korzy\u015bci Zdrowotne, Kt\u00f3re Musisz Zna\u0107\t\t\t<\/a>\n\t\t<\/h3>\n\t\t\t\t<div class=\"elementor-post__excerpt\">\n\t\t\t<p>Zielona kawa jest ceniona za swoje naturalne zwi\u0105zki, \u0142agodny charakter i rosn\u0105c\u0105 popularno\u015b\u0107 w rutynach skoncentrowanych na dobrym samopoczuciu. Dla kupuj\u0105cych i codziennych u\u017cytkownik\u00f3w oferuje ona<\/p>\n\t\t<\/div>\n\t\t\n\t\t<a class=\"elementor-post__read-more\" href=\"https:\/\/centscoffee.com\/pl\/green-coffee-beans-health-benefits-you-need-to-know\/\" aria-label=\"Read more about Green Coffee Beans: Health Benefits You Need to Know\" tabindex=\"-1\" >\n\t\t\tCzytaj dalej \u00bb\t\t<\/a>\n\n\t\t\t\t<\/div>\n\t\t\t\t<div class=\"elementor-post__meta-data\">\n\t\t\t\t\t<span class=\"elementor-post-author\">\n\t\t\tCents Coffee\t\t<\/span>\n\t\t\t\t<span class=\"elementor-post-date\">\n\t\t\t30 kwietnia, 2026\t\t<\/span>\n\t\t\t\t<span class=\"elementor-post-avatar\">\n\t\t\tBrak komentarzy\t\t<\/span>\n\t\t\t\t<\/div>\n\t\t\t\t\t<\/div>\n\t\t<\/article>\n\t\t\t\t<article class=\"elementor-post elementor-grid-item post-853 post type-post status-publish format-standard has-post-thumbnail hentry category-uncategorized\" role=\"listitem\">\n\t\t\t<div class=\"elementor-post__card\">\n\t\t\t\t<a class=\"elementor-post__thumbnail__link\" href=\"https:\/\/centscoffee.com\/pl\/dry-processed-arabica-coffee-drugar-high-altitude-ugandan-specialty\/\" tabindex=\"-1\" ><div class=\"elementor-post__thumbnail\"><img decoding=\"async\" width=\"1219\" height=\"812\" src=\"https:\/\/centscoffee.com\/wp-content\/uploads\/2026\/04\/thumbnail-10.webp\" class=\"attachment-full size-full wp-image-917\" alt=\"\" srcset=\"https:\/\/centscoffee.com\/wp-content\/uploads\/2026\/04\/thumbnail-10.webp 1219w, https:\/\/centscoffee.com\/wp-content\/uploads\/2026\/04\/thumbnail-10-300x200.webp 300w, https:\/\/centscoffee.com\/wp-content\/uploads\/2026\/04\/thumbnail-10-1024x682.webp 1024w, https:\/\/centscoffee.com\/wp-content\/uploads\/2026\/04\/thumbnail-10-768x512.webp 768w\" sizes=\"(max-width: 1219px) 100vw, 1219px\" \/><\/div><\/a>\n\t\t\t\t<div class=\"elementor-post__badge\">Nie sklasyfikowane<\/div>\n\t\t\t\t<div class=\"elementor-post__text\">\n\t\t\t\t<h3 class=\"elementor-post__title\">\n\t\t\t<a href=\"https:\/\/centscoffee.com\/pl\/dry-processed-arabica-coffee-drugar-high-altitude-ugandan-specialty\/\" >\n\t\t\t\tPalona Arabska Kawa (Drugar) suszona such\u0105 metod\u0105: Wysokog\u00f3rska Ugandyjska Specjalno\u015b\u0107\t\t\t<\/a>\n\t\t<\/h3>\n\t\t\t\t<div class=\"elementor-post__excerpt\">\n\t\t\t<p>Kawa Arabica przetwarzana na sucho jest oceniana na podstawie jej naturalnej s\u0142odyczy, pe\u0142nego body i cech w fili\u017cance, szczeg\u00f3lnie gdy jest produkowana w wysokich<\/p>\n\t\t<\/div>\n\t\t\n\t\t<a class=\"elementor-post__read-more\" href=\"https:\/\/centscoffee.com\/pl\/dry-processed-arabica-coffee-drugar-high-altitude-ugandan-specialty\/\" aria-label=\"Read more about Dry Processed Arabica Coffee (Drugar): High-Altitude Ugandan Specialty\" tabindex=\"-1\" >\n\t\t\tCzytaj dalej \u00bb\t\t<\/a>\n\n\t\t\t\t<\/div>\n\t\t\t\t<div class=\"elementor-post__meta-data\">\n\t\t\t\t\t<span class=\"elementor-post-author\">\n\t\t\tCents Coffee\t\t<\/span>\n\t\t\t\t<span class=\"elementor-post-date\">\n\t\t\t24 kwietnia, 2026\t\t<\/span>\n\t\t\t\t<span class=\"elementor-post-avatar\">\n\t\t\tBrak komentarzy\t\t<\/span>\n\t\t\t\t<\/div>\n\t\t\t\t\t<\/div>\n\t\t<\/article>\n\t\t\t\t<article class=\"elementor-post elementor-grid-item post-850 post type-post status-publish format-standard has-post-thumbnail hentry category-uncategorized\" role=\"listitem\">\n\t\t\t<div class=\"elementor-post__card\">\n\t\t\t\t<a class=\"elementor-post__thumbnail__link\" href=\"https:\/\/centscoffee.com\/pl\/arabica-coffee-aa-ab-ugandas-specialty-high-altitude-beans\/\" tabindex=\"-1\" ><div class=\"elementor-post__thumbnail\"><img decoding=\"async\" width=\"1484\" height=\"1484\" src=\"https:\/\/centscoffee.com\/wp-content\/uploads\/2026\/04\/INSTANT-COFFEE-WHOLESALE-FROM-TOP-MANUFACTURER-100-Robusta-Arabica-SALE.avif\" class=\"attachment-full size-full wp-image-918\" alt=\"\" srcset=\"https:\/\/centscoffee.com\/wp-content\/uploads\/2026\/04\/INSTANT-COFFEE-WHOLESALE-FROM-TOP-MANUFACTURER-100-Robusta-Arabica-SALE.avif 1484w, https:\/\/centscoffee.com\/wp-content\/uploads\/2026\/04\/INSTANT-COFFEE-WHOLESALE-FROM-TOP-MANUFACTURER-100-Robusta-Arabica-SALE-300x300.avif 300w, https:\/\/centscoffee.com\/wp-content\/uploads\/2026\/04\/INSTANT-COFFEE-WHOLESALE-FROM-TOP-MANUFACTURER-100-Robusta-Arabica-SALE-1024x1024.avif 1024w, https:\/\/centscoffee.com\/wp-content\/uploads\/2026\/04\/INSTANT-COFFEE-WHOLESALE-FROM-TOP-MANUFACTURER-100-Robusta-Arabica-SALE-150x150.avif 150w, https:\/\/centscoffee.com\/wp-content\/uploads\/2026\/04\/INSTANT-COFFEE-WHOLESALE-FROM-TOP-MANUFACTURER-100-Robusta-Arabica-SALE-768x768.avif 768w\" sizes=\"(max-width: 1484px) 100vw, 1484px\" \/><\/div><\/a>\n\t\t\t\t<div class=\"elementor-post__badge\">Nie sklasyfikowane<\/div>\n\t\t\t\t<div class=\"elementor-post__text\">\n\t\t\t\t<h3 class=\"elementor-post__title\">\n\t\t\t<a href=\"https:\/\/centscoffee.com\/pl\/arabica-coffee-aa-ab-ugandas-specialty-high-altitude-beans\/\" >\n\t\t\t\tKawa Arabica AA i AB: Specjalistyczne ziarna z du\u017cych wysoko\u015bci w Ugandzie\t\t\t<\/a>\n\t\t<\/h3>\n\t\t\t\t<div class=\"elementor-post__excerpt\">\n\t\t\t<p>Kawa Arabica Uganda jest ceniona za pochodzenie z du\u017cych wysoko\u015bci, wyrafinowan\u0105 jako\u015b\u0107 naparu i silne zainteresowanie w\u015br\u00f3d nabywc\u00f3w kaw specialty. Dla palarni, kawiarni i importer\u00f3w AA i<\/p>\n\t\t<\/div>\n\t\t\n\t\t<a class=\"elementor-post__read-more\" href=\"https:\/\/centscoffee.com\/pl\/arabica-coffee-aa-ab-ugandas-specialty-high-altitude-beans\/\" aria-label=\"Read more about Arabica Coffee AA &#038; AB: Uganda\u2019s Specialty High-Altitude Beans\" tabindex=\"-1\" >\n\t\t\tCzytaj dalej \u00bb\t\t<\/a>\n\n\t\t\t\t<\/div>\n\t\t\t\t<div class=\"elementor-post__meta-data\">\n\t\t\t\t\t<span class=\"elementor-post-author\">\n\t\t\tCents Coffee\t\t<\/span>\n\t\t\t\t<span class=\"elementor-post-date\">\n\t\t\t21 kwietnia, 2026\t\t<\/span>\n\t\t\t\t<span class=\"elementor-post-avatar\">\n\t\t\tBrak komentarzy\t\t<\/span>\n\t\t\t\t<\/div>\n\t\t\t\t\t<\/div>\n\t\t<\/article>\n\t\t\t\t<article class=\"elementor-post elementor-grid-item post-846 post type-post status-publish format-standard has-post-thumbnail hentry category-uncategorized\" role=\"listitem\">\n\t\t\t<div class=\"elementor-post__card\">\n\t\t\t\t<a class=\"elementor-post__thumbnail__link\" href=\"https:\/\/centscoffee.com\/pl\/robusta-screen-18-ugandas-premium-large-bean-coffee\/\" tabindex=\"-1\" ><div class=\"elementor-post__thumbnail\"><img loading=\"lazy\" decoding=\"async\" width=\"916\" height=\"605\" src=\"https:\/\/centscoffee.com\/wp-content\/uploads\/2026\/04\/cccc.webp\" class=\"attachment-full size-full wp-image-950\" alt=\"Espresso robusta sitko 18\" srcset=\"https:\/\/centscoffee.com\/wp-content\/uploads\/2026\/04\/cccc.webp 916w, https:\/\/centscoffee.com\/wp-content\/uploads\/2026\/04\/cccc-300x198.webp 300w, https:\/\/centscoffee.com\/wp-content\/uploads\/2026\/04\/cccc-768x507.webp 768w\" sizes=\"(max-width: 916px) 100vw, 916px\" \/><\/div><\/a>\n\t\t\t\t<div class=\"elementor-post__badge\">Nie sklasyfikowane<\/div>\n\t\t\t\t<div class=\"elementor-post__text\">\n\t\t\t\t<h3 class=\"elementor-post__title\">\n\t\t\t<a href=\"https:\/\/centscoffee.com\/pl\/robusta-screen-18-ugandas-premium-large-bean-coffee\/\" >\n\t\t\t\tKawa Robusta Ekran 18: Uganda\u0144ska Premium Kawa o Du\u017cych Ziarnach\t\t\t<\/a>\n\t\t<\/h3>\n\t\t\t\t<div class=\"elementor-post__excerpt\">\n\t\t\t<p>Kiedy klienci szukaj\u0105 kawy robusta screen 18, z pewno\u015bci\u0105 szukaj\u0105 kawy o czym\u015b wi\u0119cej ni\u017c tylko du\u017cych ziarnach. Pragn\u0105 jednolito\u015bci, nadaj\u0105cej si\u0119 do eksportu,<\/p>\n\t\t<\/div>\n\t\t\n\t\t<a class=\"elementor-post__read-more\" href=\"https:\/\/centscoffee.com\/pl\/robusta-screen-18-ugandas-premium-large-bean-coffee\/\" aria-label=\"Read more about Robusta Screen 18: Uganda\u2019s Premium Large-Bean Coffee\" tabindex=\"-1\" >\n\t\t\tCzytaj dalej \u00bb\t\t<\/a>\n\n\t\t\t\t<\/div>\n\t\t\t\t<div class=\"elementor-post__meta-data\">\n\t\t\t\t\t<span class=\"elementor-post-author\">\n\t\t\tCents Coffee\t\t<\/span>\n\t\t\t\t<span class=\"elementor-post-date\">\n\t\t\t18 kwietnia, 2026\t\t<\/span>\n\t\t\t\t<span class=\"elementor-post-avatar\">\n\t\t\tBrak komentarzy\t\t<\/span>\n\t\t\t\t<\/div>\n\t\t\t\t\t<\/div>\n\t\t<\/article>\n\t\t\t\t<\/div>\n\t\t\n\t\t\t\t\t\t<\/div>\n\t\t\t\t<\/div>\n\t\t\t\t\t<\/div>\n\t\t<\/div>\n\t\t\t\t<div class=\"elementor-column elementor-col-50 elementor-top-column elementor-element elementor-element-6d3c9317\" data-id=\"6d3c9317\" data-element_type=\"column\" data-e-type=\"column\">\n\t\t\t<div class=\"elementor-widget-wrap elementor-element-populated\">\n\t\t\t\t\t\t<section class=\"elementor-section elementor-inner-section elementor-element elementor-element-55fc0b85 elementor-section-boxed elementor-section-height-default elementor-section-height-default\" data-id=\"55fc0b85\" data-element_type=\"section\" data-e-type=\"section\">\n\t\t\t\t\t\t<div class=\"elementor-container elementor-column-gap-default\">\n\t\t\t\t\t<div class=\"elementor-column elementor-col-100 elementor-inner-column elementor-element elementor-element-7cef1071\" data-id=\"7cef1071\" data-element_type=\"column\" data-e-type=\"column\">\n\t\t\t<div class=\"elementor-widget-wrap elementor-element-populated\">\n\t\t\t\t\t\t<div class=\"elementor-element elementor-element-579894e elementor-widget elementor-widget-heading\" data-id=\"579894e\" data-element_type=\"widget\" data-e-type=\"widget\" data-widget_type=\"heading.default\">\n\t\t\t\t\t<h4 class=\"elementor-heading-title elementor-size-default\">O Justcoffee<\/h4>\t\t\t\t<\/div>\n\t\t\t\t<div class=\"elementor-element elementor-element-5cb6d9f5 elementor-widget elementor-widget-text-editor\" data-id=\"5cb6d9f5\" data-element_type=\"widget\" data-e-type=\"widget\" data-widget_type=\"text-editor.default\">\n\t\t\t\t\t\t\t\t\tJeste\u015bmy Twoim bezpo\u015brednim po\u0142\u0105czeniem z najlepszymi zielonymi kawami na \u015bwiecie. Od precyzyjnych profili dla domowych palarni po naj\u015bwie\u017csze ziarna dla mi\u0142o\u015bnik\u00f3w codziennego picia kawy, znajdujemy idealne dopasowanie dla Twojego rzemios\u0142a.\t\t\t\t\t\t\t\t<\/div>\n\t\t\t\t<div class=\"elementor-element elementor-element-7220154c elementor-widget elementor-widget-heading\" data-id=\"7220154c\" data-element_type=\"widget\" data-e-type=\"widget\" data-widget_type=\"heading.default\">\n\t\t\t\t\t<h4 class=\"elementor-heading-title elementor-size-default\">Najnowsze posty<\/h4>\t\t\t\t<\/div>\n\t\t\t\t<div class=\"elementor-element elementor-element-68a17d2e elementor-grid-1 elementor-posts--thumbnail-left elementor-grid-tablet-1 elementor-grid-mobile-1 elementor-widget elementor-widget-posts\" data-id=\"68a17d2e\" data-element_type=\"widget\" data-e-type=\"widget\" data-settings=\"{&quot;classic_columns&quot;:&quot;1&quot;,&quot;classic_row_gap&quot;:{&quot;unit&quot;:&quot;px&quot;,&quot;size&quot;:17,&quot;sizes&quot;:[]},&quot;classic_columns_tablet&quot;:&quot;1&quot;,&quot;classic_columns_mobile&quot;:&quot;1&quot;,&quot;classic_row_gap_tablet&quot;:{&quot;unit&quot;:&quot;px&quot;,&quot;size&quot;:&quot;&quot;,&quot;sizes&quot;:[]},&quot;classic_row_gap_mobile&quot;:{&quot;unit&quot;:&quot;px&quot;,&quot;size&quot;:&quot;&quot;,&quot;sizes&quot;:[]}}\" data-widget_type=\"posts.classic\">\n\t\t\t\t<div class=\"elementor-widget-container\">\n\t\t\t\t\t\t\t<div class=\"elementor-posts-container elementor-posts elementor-posts--skin-classic elementor-grid\" role=\"list\">\n\t\t\t\t<article class=\"elementor-post elementor-grid-item post-860 post type-post status-publish format-standard has-post-thumbnail hentry category-uncategorized\" role=\"listitem\">\n\t\t\t\t<a class=\"elementor-post__thumbnail__link\" href=\"https:\/\/centscoffee.com\/pl\/green-coffee-beans-health-benefits-you-need-to-know\/\" tabindex=\"-1\" >\n\t\t\t<div class=\"elementor-post__thumbnail\"><img loading=\"lazy\" decoding=\"async\" width=\"800\" height=\"450\" src=\"https:\/\/centscoffee.com\/wp-content\/uploads\/2026\/04\/Green-Coffee-Extract-521966060-967x544-1_jpg.webp\" class=\"attachment-large size-large wp-image-916\" alt=\"\" srcset=\"https:\/\/centscoffee.com\/wp-content\/uploads\/2026\/04\/Green-Coffee-Extract-521966060-967x544-1_jpg.webp 967w, https:\/\/centscoffee.com\/wp-content\/uploads\/2026\/04\/Green-Coffee-Extract-521966060-967x544-1_jpg-300x169.webp 300w, https:\/\/centscoffee.com\/wp-content\/uploads\/2026\/04\/Green-Coffee-Extract-521966060-967x544-1_jpg-768x432.webp 768w\" sizes=\"(max-width: 800px) 100vw, 800px\" \/><\/div>\n\t\t<\/a>\n\t\t\t\t<div class=\"elementor-post__text\">\n\t\t\t\t<h3 class=\"elementor-post__title\">\n\t\t\t<a href=\"https:\/\/centscoffee.com\/pl\/green-coffee-beans-health-benefits-you-need-to-know\/\" >\n\t\t\t\tZiarna Zielonej Kawy: Korzy\u015bci Zdrowotne, Kt\u00f3re Musisz Zna\u0107\t\t\t<\/a>\n\t\t<\/h3>\n\t\t\t\t<\/div>\n\t\t\t\t<\/article>\n\t\t\t\t<article class=\"elementor-post elementor-grid-item post-853 post type-post status-publish format-standard has-post-thumbnail hentry category-uncategorized\" role=\"listitem\">\n\t\t\t\t<a class=\"elementor-post__thumbnail__link\" href=\"https:\/\/centscoffee.com\/pl\/dry-processed-arabica-coffee-drugar-high-altitude-ugandan-specialty\/\" tabindex=\"-1\" >\n\t\t\t<div class=\"elementor-post__thumbnail\"><img loading=\"lazy\" decoding=\"async\" width=\"800\" height=\"533\" src=\"https:\/\/centscoffee.com\/wp-content\/uploads\/2026\/04\/thumbnail-10-1024x682.webp\" class=\"attachment-large size-large wp-image-917\" alt=\"\" srcset=\"https:\/\/centscoffee.com\/wp-content\/uploads\/2026\/04\/thumbnail-10-1024x682.webp 1024w, https:\/\/centscoffee.com\/wp-content\/uploads\/2026\/04\/thumbnail-10-300x200.webp 300w, https:\/\/centscoffee.com\/wp-content\/uploads\/2026\/04\/thumbnail-10-768x512.webp 768w, https:\/\/centscoffee.com\/wp-content\/uploads\/2026\/04\/thumbnail-10.webp 1219w\" sizes=\"(max-width: 800px) 100vw, 800px\" \/><\/div>\n\t\t<\/a>\n\t\t\t\t<div class=\"elementor-post__text\">\n\t\t\t\t<h3 class=\"elementor-post__title\">\n\t\t\t<a href=\"https:\/\/centscoffee.com\/pl\/dry-processed-arabica-coffee-drugar-high-altitude-ugandan-specialty\/\" >\n\t\t\t\tPalona Arabska Kawa (Drugar) suszona such\u0105 metod\u0105: Wysokog\u00f3rska Ugandyjska Specjalno\u015b\u0107\t\t\t<\/a>\n\t\t<\/h3>\n\t\t\t\t<\/div>\n\t\t\t\t<\/article>\n\t\t\t\t<article class=\"elementor-post elementor-grid-item post-850 post type-post status-publish format-standard has-post-thumbnail hentry category-uncategorized\" role=\"listitem\">\n\t\t\t\t<a class=\"elementor-post__thumbnail__link\" href=\"https:\/\/centscoffee.com\/pl\/arabica-coffee-aa-ab-ugandas-specialty-high-altitude-beans\/\" tabindex=\"-1\" >\n\t\t\t<div class=\"elementor-post__thumbnail\"><img loading=\"lazy\" decoding=\"async\" width=\"800\" height=\"800\" src=\"https:\/\/centscoffee.com\/wp-content\/uploads\/2026\/04\/INSTANT-COFFEE-WHOLESALE-FROM-TOP-MANUFACTURER-100-Robusta-Arabica-SALE-1024x1024.avif\" class=\"attachment-large size-large wp-image-918\" alt=\"\" srcset=\"https:\/\/centscoffee.com\/wp-content\/uploads\/2026\/04\/INSTANT-COFFEE-WHOLESALE-FROM-TOP-MANUFACTURER-100-Robusta-Arabica-SALE-1024x1024.avif 1024w, https:\/\/centscoffee.com\/wp-content\/uploads\/2026\/04\/INSTANT-COFFEE-WHOLESALE-FROM-TOP-MANUFACTURER-100-Robusta-Arabica-SALE-300x300.avif 300w, https:\/\/centscoffee.com\/wp-content\/uploads\/2026\/04\/INSTANT-COFFEE-WHOLESALE-FROM-TOP-MANUFACTURER-100-Robusta-Arabica-SALE-150x150.avif 150w, https:\/\/centscoffee.com\/wp-content\/uploads\/2026\/04\/INSTANT-COFFEE-WHOLESALE-FROM-TOP-MANUFACTURER-100-Robusta-Arabica-SALE-768x768.avif 768w, https:\/\/centscoffee.com\/wp-content\/uploads\/2026\/04\/INSTANT-COFFEE-WHOLESALE-FROM-TOP-MANUFACTURER-100-Robusta-Arabica-SALE.avif 1484w\" sizes=\"(max-width: 800px) 100vw, 800px\" \/><\/div>\n\t\t<\/a>\n\t\t\t\t<div class=\"elementor-post__text\">\n\t\t\t\t<h3 class=\"elementor-post__title\">\n\t\t\t<a href=\"https:\/\/centscoffee.com\/pl\/arabica-coffee-aa-ab-ugandas-specialty-high-altitude-beans\/\" >\n\t\t\t\tKawa Arabica AA i AB: Specjalistyczne ziarna z du\u017cych wysoko\u015bci w Ugandzie\t\t\t<\/a>\n\t\t<\/h3>\n\t\t\t\t<\/div>\n\t\t\t\t<\/article>\n\t\t\t\t<article class=\"elementor-post elementor-grid-item post-846 post type-post status-publish format-standard has-post-thumbnail hentry category-uncategorized\" role=\"listitem\">\n\t\t\t\t<a class=\"elementor-post__thumbnail__link\" href=\"https:\/\/centscoffee.com\/pl\/robusta-screen-18-ugandas-premium-large-bean-coffee\/\" tabindex=\"-1\" >\n\t\t\t<div class=\"elementor-post__thumbnail\"><img loading=\"lazy\" decoding=\"async\" width=\"800\" height=\"528\" src=\"https:\/\/centscoffee.com\/wp-content\/uploads\/2026\/04\/cccc.webp\" class=\"attachment-large size-large wp-image-950\" alt=\"Espresso robusta sitko 18\" srcset=\"https:\/\/centscoffee.com\/wp-content\/uploads\/2026\/04\/cccc.webp 916w, https:\/\/centscoffee.com\/wp-content\/uploads\/2026\/04\/cccc-300x198.webp 300w, https:\/\/centscoffee.com\/wp-content\/uploads\/2026\/04\/cccc-768x507.webp 768w\" sizes=\"(max-width: 800px) 100vw, 800px\" \/><\/div>\n\t\t<\/a>\n\t\t\t\t<div class=\"elementor-post__text\">\n\t\t\t\t<h3 class=\"elementor-post__title\">\n\t\t\t<a href=\"https:\/\/centscoffee.com\/pl\/robusta-screen-18-ugandas-premium-large-bean-coffee\/\" >\n\t\t\t\tKawa Robusta Ekran 18: Uganda\u0144ska Premium Kawa o Du\u017cych Ziarnach\t\t\t<\/a>\n\t\t<\/h3>\n\t\t\t\t<\/div>\n\t\t\t\t<\/article>\n\t\t\t\t<\/div>\n\t\t\n\t\t\t\t\t\t<\/div>\n\t\t\t\t<\/div>\n\t\t\t\t\t<\/div>\n\t\t<\/div>\n\t\t\t\t\t<\/div>\n\t\t<\/section>\n\t\t\t\t\t<\/div>\n\t\t<\/div>\n\t\t\t\t\t<\/div>\n\t\t<\/section>\n\t\t\t\t<\/div>","protected":false},"excerpt":{"rendered":"<p>Blog About Justcoffee We\u2019re your direct connection to the world\u2019s finest green coffee. From precision profiles for home roasters to the freshest beans for daily<\/p>","protected":false},"author":1,"featured_media":0,"parent":0,"menu_order":0,"comment_status":"closed","ping_status":"closed","template":"elementor_header_footer","meta":{"footnotes":""},"class_list":["post-873","page","type-page","status-publish","hentry"],"_links":{"self":[{"href":"https:\/\/centscoffee.com\/pl\/wp-json\/wp\/v2\/pages\/873","targetHints":{"allow":["GET"]}}],"collection":[{"href":"https:\/\/centscoffee.com\/pl\/wp-json\/wp\/v2\/pages"}],"about":[{"href":"https:\/\/centscoffee.com\/pl\/wp-json\/wp\/v2\/types\/page"}],"author":[{"embeddable":true,"href":"https:\/\/centscoffee.com\/pl\/wp-json\/wp\/v2\/users\/1"}],"replies":[{"embeddable":true,"href":"https:\/\/centscoffee.com\/pl\/wp-json\/wp\/v2\/comments?post=873"}],"version-history":[{"count":7,"href":"https:\/\/centscoffee.com\/pl\/wp-json\/wp\/v2\/pages\/873\/revisions"}],"predecessor-version":[{"id":930,"href":"https:\/\/centscoffee.com\/pl\/wp-json\/wp\/v2\/pages\/873\/revisions\/930"}],"wp:attachment":[{"href":"https:\/\/centscoffee.com\/pl\/wp-json\/wp\/v2\/media?parent=873"}],"curies":[{"name":"wp","href":"https:\/\/api.w.org\/{rel}","templated":true}]}}